{"id":1802,"date":"2024-07-26T15:38:45","date_gmt":"2024-07-26T12:38:45","guid":{"rendered":"https:\/\/oatvital.com\/en\/?page_id=1802"},"modified":"2024-08-07T17:38:34","modified_gmt":"2024-08-07T14:38:34","slug":"hydrolyzed-pea-protein-nutrition-facts-table","status":"publish","type":"page","link":"https:\/\/oatvital.com\/en\/hydrolyzed-pea-protein-nutrition-facts-table\/","title":{"rendered":"Hydrolyzed Pea Protein &#8211; Nutrition Facts Table"},"content":{"rendered":"<p>[vc_row css_animation=&#8221;&#8221; row_type=&#8221;row&#8221; use_row_as_full_screen_section=&#8221;no&#8221; type=&#8221;grid&#8221; angled_section=&#8221;no&#8221; text_align=&#8221;left&#8221; background_image_as_pattern=&#8221;without_pattern&#8221; css=&#8221;.vc_custom_1721722556245{background-color: #efe8e0 !important;background-position: center !important;background-repeat: no-repeat !important;background-size: cover !important;}&#8221; z_index=&#8221;&#8221;][vc_column width=&#8221;1\/2&#8243;][vc_empty_space height=&#8221;60px&#8221;][vc_column_text]<img loading=\"lazy\" decoding=\"async\" class=\"alignnone  wp-image-2028\" src=\"https:\/\/oatvital.com\/en\/wp-content\/uploads\/2024\/08\/Pea-peptide-ing-300x143.png\" alt=\"\" width=\"556\" height=\"265\" srcset=\"https:\/\/oatvital.com\/en\/wp-content\/uploads\/2024\/08\/Pea-peptide-ing-300x143.png 300w, https:\/\/oatvital.com\/en\/wp-content\/uploads\/2024\/08\/Pea-peptide-ing-768x367.png 768w, https:\/\/oatvital.com\/en\/wp-content\/uploads\/2024\/08\/Pea-peptide-ing-700x334.png 700w, https:\/\/oatvital.com\/en\/wp-content\/uploads\/2024\/08\/Pea-peptide-ing.png 800w\" sizes=\"auto, (max-width: 556px) 100vw, 556px\" \/>[\/vc_column_text][vc_empty_space height=&#8221;60px&#8221;][vc_column_text]<img loading=\"lazy\" decoding=\"async\" class=\"alignnone wp-image-1554\" src=\"https:\/\/oatvital.com\/en\/wp-content\/uploads\/2024\/07\/beyanlar-300x77.png\" alt=\"\" width=\"553\" height=\"142\" srcset=\"https:\/\/oatvital.com\/en\/wp-content\/uploads\/2024\/07\/beyanlar-300x77.png 300w, https:\/\/oatvital.com\/en\/wp-content\/uploads\/2024\/07\/beyanlar-768x197.png 768w, https:\/\/oatvital.com\/en\/wp-content\/uploads\/2024\/07\/beyanlar-1000x258.png 1000w, https:\/\/oatvital.com\/en\/wp-content\/uploads\/2024\/07\/beyanlar-700x180.png 700w, https:\/\/oatvital.com\/en\/wp-content\/uploads\/2024\/07\/beyanlar.png 1004w\" sizes=\"auto, (max-width: 553px) 100vw, 553px\" \/>[\/vc_column_text][\/vc_column][vc_column width=&#8221;1\/2&#8243;][vc_empty_space height=&#8221;60px&#8221;][vc_column_text]\n<table id=\"tablepress-10\" class=\"tablepress tablepress-id-10\">\n<thead>\n<tr class=\"row-1 odd\">\n\t<th class=\"column-1\">Enerji ve Besin \u00d6\u011feleri<\/th><th class=\"column-2\">100 g i\u00e7in <\/th><th class=\"column-3\">100 g i\u00e7in RA*<\/th>\n<\/tr>\n<\/thead>\n<tbody class=\"row-hover\">\n<tr class=\"row-2 even\">\n\t<td class=\"column-1\">Enerji (kj\/kcal)<\/td><td class=\"column-2\">1609\/385<\/td><td class=\"column-3\">19%<\/td>\n<\/tr>\n<tr class=\"row-3 odd\">\n\t<td class=\"column-1\">Ya\u011f (g)<\/td><td class=\"column-2\">0<\/td><td class=\"column-3\">%0<br \/>\n<\/td>\n<\/tr>\n<tr class=\"row-4 even\">\n\t<td class=\"column-1\">Doymu\u015f ya\u011f (g)<\/td><td class=\"column-2\">0,0<\/td><td class=\"column-3\">%0<br \/>\n<\/td>\n<\/tr>\n<tr class=\"row-5 odd\">\n\t<td class=\"column-1\">Karbonhidrat (g)<\/td><td class=\"column-2\"><0,5<\/td><td class=\"column-3\">%0<\/td>\n<\/tr>\n<tr class=\"row-6 even\">\n\t<td class=\"column-1\">\u015eekerler (g)<\/td><td class=\"column-2\">0<\/td><td class=\"column-3\">%0<br \/>\n<\/td>\n<\/tr>\n<tr class=\"row-7 odd\">\n\t<td class=\"column-1\">Lif (g)<\/td><td class=\"column-2\">0<\/td><td class=\"column-3\">%0<br \/>\n<\/td>\n<\/tr>\n<tr class=\"row-8 even\">\n\t<td class=\"column-1\">Protein (g)<\/td><td class=\"column-2\">91,5<\/td><td class=\"column-3\">%183<br \/>\n<\/td>\n<\/tr>\n<tr class=\"row-9 odd\">\n\t<td class=\"column-1\">Tuz (g)<\/td><td class=\"column-2\">0,19<\/td><td class=\"column-3\">%3<br \/>\n<\/td>\n<\/tr>\n<tr class=\"row-10 even\">\n\t<td class=\"column-1\">Amino Asit De\u011ferleri (g)<\/td><td class=\"column-2\"><\/td><td class=\"column-3\"><\/td>\n<\/tr>\n<tr class=\"row-11 odd\">\n\t<td class=\"column-1\">Isoleucine<\/td><td class=\"column-2\">2,47<\/td><td class=\"column-3\"><\/td>\n<\/tr>\n<tr class=\"row-12 even\">\n\t<td class=\"column-1\">Leucine<\/td><td class=\"column-2\">4,00<\/td><td class=\"column-3\"><\/td>\n<\/tr>\n<tr class=\"row-13 odd\">\n\t<td class=\"column-1\">Lysine<\/td><td class=\"column-2\">6,56<\/td><td class=\"column-3\"><\/td>\n<\/tr>\n<tr class=\"row-14 even\">\n\t<td class=\"column-1\">Methionine<\/td><td class=\"column-2\">0,70<\/td><td class=\"column-3\"><\/td>\n<\/tr>\n<tr class=\"row-15 odd\">\n\t<td class=\"column-1\">Phenylalanine<\/td><td class=\"column-2\">2,38<\/td><td class=\"column-3\"><\/td>\n<\/tr>\n<tr class=\"row-16 even\">\n\t<td class=\"column-1\">Threonine<\/td><td class=\"column-2\">2,76<\/td><td class=\"column-3\"><\/td>\n<\/tr>\n<tr class=\"row-17 odd\">\n\t<td class=\"column-1\">Tryptophan<\/td><td class=\"column-2\">0,18<\/td><td class=\"column-3\"><\/td>\n<\/tr>\n<tr class=\"row-18 even\">\n\t<td class=\"column-1\">Valine<\/td><td class=\"column-2\">3,25<\/td><td class=\"column-3\"><\/td>\n<\/tr>\n<tr class=\"row-19 odd\">\n\t<td class=\"column-1\">Arginine<\/td><td class=\"column-2\">7,76<\/td><td class=\"column-3\"><\/td>\n<\/tr>\n<tr class=\"row-20 even\">\n\t<td class=\"column-1\">Cystine<\/td><td class=\"column-2\">0,23<\/td><td class=\"column-3\"><\/td>\n<\/tr>\n<tr class=\"row-21 odd\">\n\t<td class=\"column-1\">Glutamic acid<\/td><td class=\"column-2\">16,7<\/td><td class=\"column-3\"><\/td>\n<\/tr>\n<tr class=\"row-22 even\">\n\t<td class=\"column-1\">Histidine<\/td><td class=\"column-2\">1,38<\/td><td class=\"column-3\"><\/td>\n<\/tr>\n<tr class=\"row-23 odd\">\n\t<td class=\"column-1\">Proline<\/td><td class=\"column-2\">8,70<\/td><td class=\"column-3\"><\/td>\n<\/tr>\n<tr class=\"row-24 even\">\n\t<td class=\"column-1\">Tyrosine<\/td><td class=\"column-2\">1,60<\/td><td class=\"column-3\"><\/td>\n<\/tr>\n<tr class=\"row-25 odd\">\n\t<td class=\"column-1\">Alanine<\/td><td class=\"column-2\">6,62<\/td><td class=\"column-3\"><\/td>\n<\/tr>\n<tr class=\"row-26 even\">\n\t<td class=\"column-1\">Aspartic acid<\/td><td class=\"column-2\">8,65<\/td><td class=\"column-3\"><\/td>\n<\/tr>\n<tr class=\"row-27 odd\">\n\t<td class=\"column-1\">Glycine<\/td><td class=\"column-2\">13,51<\/td><td class=\"column-3\"><\/td>\n<\/tr>\n<tr class=\"row-28 even\">\n\t<td class=\"column-1\">Serine<\/td><td class=\"column-2\">4,00<\/td><td class=\"column-3\"><\/td>\n<\/tr>\n<\/tbody>\n<\/table>\n<!-- #tablepress-10 from cache -->[\/vc_column_text][vc_column_text]<span style=\"color: #000000;\">* Ortalama bir yeti\u015fkinin Referans Al\u0131m (RA) de\u011feri (8400 kj \/ 2000 kcal)<\/span>[\/vc_column_text][vc_empty_space height=&#8221;60px&#8221;][\/vc_column][\/vc_row]<\/p>\n","protected":false},"excerpt":{"rendered":"<p>[vc_row css_animation=&#8221;&#8221; row_type=&#8221;row&#8221; use_row_as_full_screen_section=&#8221;no&#8221; type=&#8221;grid&#8221; angled_section=&#8221;no&#8221; text_align=&#8221;left&#8221; background_image_as_pattern=&#8221;without_pattern&#8221; css=&#8221;.vc_custom_1721722556245{background-color: #efe8e0 !important;background-position: center !important;background-repeat: no-repeat !important;background-size: cover !important;}&#8221; z_index=&#8221;&#8221;][vc_column width=&#8221;1\/2&#8243;][vc_empty_space height=&#8221;60px&#8221;][vc_column_text][\/vc_column_text][vc_empty_space height=&#8221;60px&#8221;][vc_column_text][\/vc_column_text][\/vc_column][vc_column width=&#8221;1\/2&#8243;][vc_empty_space height=&#8221;60px&#8221;][vc_column_text][\/vc_column_text][vc_column_text]* Ortalama bir yeti\u015fkinin Referans Al\u0131m (RA) de\u011feri (8400 kj \/ 2000 kcal)[\/vc_column_text][vc_empty_space height=&#8221;60px&#8221;][\/vc_column][\/vc_row]<\/p>\n","protected":false},"author":1,"featured_media":0,"parent":0,"menu_order":0,"comment_status":"closed","ping_status":"open","template":"full_width.php","meta":{"footnotes":""},"class_list":["post-1802","page","type-page","status-publish","hentry"],"_links":{"self":[{"href":"https:\/\/oatvital.com\/en\/wp-json\/wp\/v2\/pages\/1802","targetHints":{"allow":["GET"]}}],"collection":[{"href":"https:\/\/oatvital.com\/en\/wp-json\/wp\/v2\/pages"}],"about":[{"href":"https:\/\/oatvital.com\/en\/wp-json\/wp\/v2\/types\/page"}],"author":[{"embeddable":true,"href":"https:\/\/oatvital.com\/en\/wp-json\/wp\/v2\/users\/1"}],"replies":[{"embeddable":true,"href":"https:\/\/oatvital.com\/en\/wp-json\/wp\/v2\/comments?post=1802"}],"version-history":[{"count":8,"href":"https:\/\/oatvital.com\/en\/wp-json\/wp\/v2\/pages\/1802\/revisions"}],"predecessor-version":[{"id":2047,"href":"https:\/\/oatvital.com\/en\/wp-json\/wp\/v2\/pages\/1802\/revisions\/2047"}],"wp:attachment":[{"href":"https:\/\/oatvital.com\/en\/wp-json\/wp\/v2\/media?parent=1802"}],"curies":[{"name":"wp","href":"https:\/\/api.w.org\/{rel}","templated":true}]}}