{"id":1800,"date":"2024-07-26T15:38:00","date_gmt":"2024-07-26T12:38:00","guid":{"rendered":"https:\/\/oatvital.com\/en\/?page_id=1800"},"modified":"2024-08-05T14:05:17","modified_gmt":"2024-08-05T11:05:17","slug":"oatmeal-drink-powder-nutrition-facts-table","status":"publish","type":"page","link":"https:\/\/oatvital.com\/en\/oatmeal-drink-powder-nutrition-facts-table\/","title":{"rendered":"Oatmeal Drink Powder &#8211; Nutrition Facts Table"},"content":{"rendered":"<p>[vc_row css_animation=&#8221;&#8221; row_type=&#8221;row&#8221; use_row_as_full_screen_section=&#8221;no&#8221; type=&#8221;grid&#8221; angled_section=&#8221;no&#8221; text_align=&#8221;left&#8221; background_image_as_pattern=&#8221;without_pattern&#8221; css=&#8221;.vc_custom_1721722556245{background-color: #efe8e0 !important;background-position: center !important;background-repeat: no-repeat !important;background-size: cover !important;}&#8221; z_index=&#8221;&#8221;][vc_column width=&#8221;1\/2&#8243;][vc_empty_space height=&#8221;60px&#8221;][vc_column_text]<\/p>\n<div style=\"width: 1060px;\" class=\"wp-video\"><video class=\"wp-video-shortcode\" id=\"video-1800-1\" width=\"1060\" height=\"596\" loop autoplay preload=\"metadata\" controls=\"controls\"><source type=\"video\/mp4\" src=\"https:\/\/oatvital.com\/en\/wp-content\/uploads\/2024\/07\/milk.mp4?_=1\" \/><a href=\"https:\/\/oatvital.com\/en\/wp-content\/uploads\/2024\/07\/milk.mp4\">https:\/\/oatvital.com\/en\/wp-content\/uploads\/2024\/07\/milk.mp4<\/a><\/video><\/div>\n<p>[\/vc_column_text][vc_empty_space height=&#8221;60px&#8221;][vc_column_text]<img loading=\"lazy\" decoding=\"async\" class=\"alignnone wp-image-1554\" src=\"https:\/\/oatvital.com\/en\/wp-content\/uploads\/2024\/07\/beyanlar-300x77.png\" alt=\"\" width=\"565\" height=\"145\" srcset=\"https:\/\/oatvital.com\/en\/wp-content\/uploads\/2024\/07\/beyanlar-300x77.png 300w, https:\/\/oatvital.com\/en\/wp-content\/uploads\/2024\/07\/beyanlar-768x197.png 768w, https:\/\/oatvital.com\/en\/wp-content\/uploads\/2024\/07\/beyanlar-1000x258.png 1000w, https:\/\/oatvital.com\/en\/wp-content\/uploads\/2024\/07\/beyanlar-700x180.png 700w, https:\/\/oatvital.com\/en\/wp-content\/uploads\/2024\/07\/beyanlar.png 1004w\" sizes=\"auto, (max-width: 565px) 100vw, 565px\" \/>[\/vc_column_text][\/vc_column][vc_column width=&#8221;1\/2&#8243;][vc_empty_space height=&#8221;60px&#8221;][vc_column_text]\n<table id=\"tablepress-9\" class=\"tablepress tablepress-id-9\">\n<thead>\n<tr class=\"row-1 odd\">\n\t<th class=\"column-1\">Enerji ve Besin \u00d6\u011feleri<\/th><th class=\"column-2\">100 gr i\u00e7in <\/th><th class=\"column-3\">100 gr i\u00e7in RA*<\/th>\n<\/tr>\n<\/thead>\n<tbody class=\"row-hover\">\n<tr class=\"row-2 even\">\n\t<td class=\"column-1\">Enerji (kj\/kcal)<\/td><td class=\"column-2\">1661\/397<\/td><td class=\"column-3\">20%<\/td>\n<\/tr>\n<tr class=\"row-3 odd\">\n\t<td class=\"column-1\">Ya\u011f (g)<\/td><td class=\"column-2\">4<\/td><td class=\"column-3\">%6<br \/>\n<\/td>\n<\/tr>\n<tr class=\"row-4 even\">\n\t<td class=\"column-1\">Doymu\u015f ya\u011f (g)<\/td><td class=\"column-2\">0,0<\/td><td class=\"column-3\">%0<br \/>\n<\/td>\n<\/tr>\n<tr class=\"row-5 odd\">\n\t<td class=\"column-1\">Karbonhidrat (g)<\/td><td class=\"column-2\">80<\/td><td class=\"column-3\">%31<\/td>\n<\/tr>\n<tr class=\"row-6 even\">\n\t<td class=\"column-1\">\u015eekerler (g)<\/td><td class=\"column-2\">7,3<\/td><td class=\"column-3\">%8<br \/>\n<\/td>\n<\/tr>\n<tr class=\"row-7 odd\">\n\t<td class=\"column-1\">Lif (g)<\/td><td class=\"column-2\">2,9<\/td><td class=\"column-3\">%11<br \/>\n<\/td>\n<\/tr>\n<tr class=\"row-8 even\">\n\t<td class=\"column-1\">Protein (g)<\/td><td class=\"column-2\">11<\/td><td class=\"column-3\">%22<br \/>\n<\/td>\n<\/tr>\n<tr class=\"row-9 odd\">\n\t<td class=\"column-1\">Tuz (g)<\/td><td class=\"column-2\">0,03<\/td><td class=\"column-3\">%0,5<br \/>\n<\/td>\n<\/tr>\n<tr class=\"row-10 even\">\n\t<td class=\"column-1\">Beta Glukan (g)<\/td><td class=\"column-2\">3,1<\/td><td class=\"column-3\"><\/td>\n<\/tr>\n<\/tbody>\n<\/table>\n<!-- #tablepress-9 from cache -->[\/vc_column_text][vc_column_text]<span style=\"color: #000000;\">* Ortalama bir yeti\u015fkinin Referans Al\u0131m (RA) de\u011feri (8400 kj \/ 2000 kcal)<\/span>[\/vc_column_text][vc_empty_space height=&#8221;60px&#8221;][\/vc_column][\/vc_row]<\/p>\n","protected":false},"excerpt":{"rendered":"<p>[vc_row css_animation=&#8221;&#8221; row_type=&#8221;row&#8221; use_row_as_full_screen_section=&#8221;no&#8221; type=&#8221;grid&#8221; angled_section=&#8221;no&#8221; text_align=&#8221;left&#8221; background_image_as_pattern=&#8221;without_pattern&#8221; css=&#8221;.vc_custom_1721722556245{background-color: #efe8e0 !important;background-position: center !important;background-repeat: no-repeat !important;background-size: cover !important;}&#8221; z_index=&#8221;&#8221;][vc_column width=&#8221;1\/2&#8243;][vc_empty_space height=&#8221;60px&#8221;][vc_column_text] [\/vc_column_text][vc_empty_space height=&#8221;60px&#8221;][vc_column_text][\/vc_column_text][\/vc_column][vc_column width=&#8221;1\/2&#8243;][vc_empty_space height=&#8221;60px&#8221;][vc_column_text][\/vc_column_text][vc_column_text]* Ortalama bir yeti\u015fkinin Referans Al\u0131m (RA) de\u011feri (8400 kj \/ 2000 kcal)[\/vc_column_text][vc_empty_space height=&#8221;60px&#8221;][\/vc_column][\/vc_row]<\/p>\n","protected":false},"author":1,"featured_media":0,"parent":0,"menu_order":0,"comment_status":"closed","ping_status":"open","template":"full_width.php","meta":{"footnotes":""},"class_list":["post-1800","page","type-page","status-publish","hentry"],"_links":{"self":[{"href":"https:\/\/oatvital.com\/en\/wp-json\/wp\/v2\/pages\/1800","targetHints":{"allow":["GET"]}}],"collection":[{"href":"https:\/\/oatvital.com\/en\/wp-json\/wp\/v2\/pages"}],"about":[{"href":"https:\/\/oatvital.com\/en\/wp-json\/wp\/v2\/types\/page"}],"author":[{"embeddable":true,"href":"https:\/\/oatvital.com\/en\/wp-json\/wp\/v2\/users\/1"}],"replies":[{"embeddable":true,"href":"https:\/\/oatvital.com\/en\/wp-json\/wp\/v2\/comments?post=1800"}],"version-history":[{"count":5,"href":"https:\/\/oatvital.com\/en\/wp-json\/wp\/v2\/pages\/1800\/revisions"}],"predecessor-version":[{"id":1937,"href":"https:\/\/oatvital.com\/en\/wp-json\/wp\/v2\/pages\/1800\/revisions\/1937"}],"wp:attachment":[{"href":"https:\/\/oatvital.com\/en\/wp-json\/wp\/v2\/media?parent=1800"}],"curies":[{"name":"wp","href":"https:\/\/api.w.org\/{rel}","templated":true}]}}