{"id":1748,"date":"2024-07-23T17:15:54","date_gmt":"2024-07-23T14:15:54","guid":{"rendered":"https:\/\/oatvital.com\/en\/?page_id=1748"},"modified":"2024-08-05T14:02:02","modified_gmt":"2024-08-05T11:02:02","slug":"oat-drink-mix-with-coffee-nutrition-facts-table","status":"publish","type":"page","link":"https:\/\/oatvital.com\/en\/oat-drink-mix-with-coffee-nutrition-facts-table\/","title":{"rendered":"Oat Drink Mix with Coffee &#8211; Nutrition Facts Table"},"content":{"rendered":"<p>[vc_row css_animation=&#8221;&#8221; row_type=&#8221;row&#8221; use_row_as_full_screen_section=&#8221;no&#8221; type=&#8221;grid&#8221; angled_section=&#8221;no&#8221; text_align=&#8221;left&#8221; background_image_as_pattern=&#8221;without_pattern&#8221; css=&#8221;.vc_custom_1721722556245{background-color: #efe8e0 !important;background-position: center !important;background-repeat: no-repeat !important;background-size: cover !important;}&#8221; z_index=&#8221;&#8221;][vc_column width=&#8221;1\/2&#8243;][vc_empty_space height=&#8221;60px&#8221;][vc_column_text]<\/p>\n<div style=\"width: 1060px;\" class=\"wp-video\"><video class=\"wp-video-shortcode\" id=\"video-1748-1\" width=\"1060\" height=\"596\" loop autoplay preload=\"metadata\" controls=\"controls\"><source type=\"video\/mp4\" src=\"https:\/\/oatvital.com\/en\/wp-content\/uploads\/2024\/07\/milk.mp4?_=1\" \/><a href=\"https:\/\/oatvital.com\/en\/wp-content\/uploads\/2024\/07\/milk.mp4\">https:\/\/oatvital.com\/en\/wp-content\/uploads\/2024\/07\/milk.mp4<\/a><\/video><\/div>\n<p>[\/vc_column_text][vc_empty_space height=&#8221;60px&#8221;][vc_column_text]<img loading=\"lazy\" decoding=\"async\" class=\"alignnone wp-image-1554\" src=\"https:\/\/oatvital.com\/en\/wp-content\/uploads\/2024\/07\/beyanlar-300x77.png\" alt=\"\" width=\"549\" height=\"141\" srcset=\"https:\/\/oatvital.com\/en\/wp-content\/uploads\/2024\/07\/beyanlar-300x77.png 300w, https:\/\/oatvital.com\/en\/wp-content\/uploads\/2024\/07\/beyanlar-768x197.png 768w, https:\/\/oatvital.com\/en\/wp-content\/uploads\/2024\/07\/beyanlar-1000x258.png 1000w, https:\/\/oatvital.com\/en\/wp-content\/uploads\/2024\/07\/beyanlar-700x180.png 700w, https:\/\/oatvital.com\/en\/wp-content\/uploads\/2024\/07\/beyanlar.png 1004w\" sizes=\"auto, (max-width: 549px) 100vw, 549px\" \/>[\/vc_column_text][\/vc_column][vc_column width=&#8221;1\/2&#8243;][vc_empty_space height=&#8221;60px&#8221;][vc_column_text]\n<table id=\"tablepress-4\" class=\"tablepress tablepress-id-4\">\n<thead>\n<tr class=\"row-1 odd\">\n\t<th class=\"column-1\">Enerji ve Besin \u00d6\u011feleri<\/th><th class=\"column-2\">100 ml i\u00e7in *<\/th><th class=\"column-3\">1 bardak (180 ml) i\u00e7in*<\/th><th class=\"column-4\">1 bardak (180 ml) i\u00e7in RA**<\/th>\n<\/tr>\n<\/thead>\n<tbody class=\"row-hover\">\n<tr class=\"row-2 even\">\n\t<td class=\"column-1\">Enerji (kj\/kcal)<\/td><td class=\"column-2\">168\/40<\/td><td class=\"column-3\">307\/73<\/td><td class=\"column-4\">4%<\/td>\n<\/tr>\n<tr class=\"row-3 odd\">\n\t<td class=\"column-1\">Ya\u011f (g)<\/td><td class=\"column-2\">0,3<\/td><td class=\"column-3\">0,6<\/td><td class=\"column-4\">%1<br \/>\n<\/td>\n<\/tr>\n<tr class=\"row-4 even\">\n\t<td class=\"column-1\">Doymu\u015f ya\u011f (g)<\/td><td class=\"column-2\">0,0<\/td><td class=\"column-3\">0,0<\/td><td class=\"column-4\">%0<br \/>\n<\/td>\n<\/tr>\n<tr class=\"row-5 odd\">\n\t<td class=\"column-1\">Karbonhidrat (g)<\/td><td class=\"column-2\">7,2<\/td><td class=\"column-3\">13<\/td><td class=\"column-4\">%5<\/td>\n<\/tr>\n<tr class=\"row-6 even\">\n\t<td class=\"column-1\">\u015eekerler (g)<\/td><td class=\"column-2\">0,8<\/td><td class=\"column-3\">1,4<\/td><td class=\"column-4\">%1<br \/>\n<\/td>\n<\/tr>\n<tr class=\"row-7 odd\">\n\t<td class=\"column-1\">Lif (g)<\/td><td class=\"column-2\">2,2<\/td><td class=\"column-3\">4,0<\/td><td class=\"column-4\">%16<br \/>\n<\/td>\n<\/tr>\n<tr class=\"row-8 even\">\n\t<td class=\"column-1\">Protein (g)<\/td><td class=\"column-2\">0,9<\/td><td class=\"column-3\">1,6<\/td><td class=\"column-4\">%3<br \/>\n<\/td>\n<\/tr>\n<tr class=\"row-9 odd\">\n\t<td class=\"column-1\">Tuz (g)<\/td><td class=\"column-2\">0,08<\/td><td class=\"column-3\">0,15<\/td><td class=\"column-4\">%3<br \/>\n<\/td>\n<\/tr>\n<tr class=\"row-10 even\">\n\t<td class=\"column-1\">Beta Glukan (mg)<\/td><td class=\"column-2\">282<\/td><td class=\"column-3\">508<\/td><td class=\"column-4\"><\/td>\n<\/tr>\n<tr class=\"row-11 odd\">\n\t<td class=\"column-1\">Vitaminler<\/td><td class=\"column-2\"><\/td><td class=\"column-3\"><\/td><td class=\"column-4\"><\/td>\n<\/tr>\n<tr class=\"row-12 even\">\n\t<td class=\"column-1\">B12 (\u00b5g)<\/td><td class=\"column-2\">0,42<\/td><td class=\"column-3\">0,75<\/td><td class=\"column-4\">%30<\/td>\n<\/tr>\n<tr class=\"row-13 odd\">\n\t<td class=\"column-1\">C (mg)<\/td><td class=\"column-2\">6,7<\/td><td class=\"column-3\">12<\/td><td class=\"column-4\">%15<\/td>\n<\/tr>\n<tr class=\"row-14 even\">\n\t<td class=\"column-1\">D (\u00b5g)<\/td><td class=\"column-2\">0,83<\/td><td class=\"column-3\">1,5<\/td><td class=\"column-4\">%30<\/td>\n<\/tr>\n<\/tbody>\n<\/table>\n<!-- #tablepress-4 from cache -->[\/vc_column_text][vc_column_text]<\/p>\n<ul>\n<li><span style=\"color: #000000;\">Tarifine g\u00f6re haz\u0131rlanm\u0131\u015f \u00fcr\u00fcn\u00fcn de\u011ferleri (20 gr i\u00e7ecek tozu+180 ml su)<\/span><\/li>\n<li><span style=\"color: #000000;\">Ortalama bir yeti\u015fkinin Referans Al\u0131m (RA) de\u011feri (8400 kj \/ 2000 kcal)<\/span><\/li>\n<\/ul>\n<p>[\/vc_column_text][vc_empty_space height=&#8221;60px&#8221;][\/vc_column][\/vc_row]<\/p>\n","protected":false},"excerpt":{"rendered":"<p>[vc_row css_animation=&#8221;&#8221; row_type=&#8221;row&#8221; use_row_as_full_screen_section=&#8221;no&#8221; type=&#8221;grid&#8221; angled_section=&#8221;no&#8221; text_align=&#8221;left&#8221; background_image_as_pattern=&#8221;without_pattern&#8221; css=&#8221;.vc_custom_1721722556245{background-color: #efe8e0 !important;background-position: center !important;background-repeat: no-repeat !important;background-size: cover !important;}&#8221; z_index=&#8221;&#8221;][vc_column width=&#8221;1\/2&#8243;][vc_empty_space height=&#8221;60px&#8221;][vc_column_text] [\/vc_column_text][vc_empty_space height=&#8221;60px&#8221;][vc_column_text][\/vc_column_text][\/vc_column][vc_column width=&#8221;1\/2&#8243;][vc_empty_space height=&#8221;60px&#8221;][vc_column_text][\/vc_column_text][vc_column_text] Tarifine g\u00f6re haz\u0131rlanm\u0131\u015f \u00fcr\u00fcn\u00fcn de\u011ferleri (20 gr i\u00e7ecek tozu+180 ml su) Ortalama bir yeti\u015fkinin Referans Al\u0131m (RA) de\u011feri (8400 kj \/&#8230;<\/p>\n","protected":false},"author":1,"featured_media":0,"parent":0,"menu_order":0,"comment_status":"closed","ping_status":"open","template":"full_width.php","meta":{"footnotes":""},"class_list":["post-1748","page","type-page","status-publish","hentry"],"_links":{"self":[{"href":"https:\/\/oatvital.com\/en\/wp-json\/wp\/v2\/pages\/1748","targetHints":{"allow":["GET"]}}],"collection":[{"href":"https:\/\/oatvital.com\/en\/wp-json\/wp\/v2\/pages"}],"about":[{"href":"https:\/\/oatvital.com\/en\/wp-json\/wp\/v2\/types\/page"}],"author":[{"embeddable":true,"href":"https:\/\/oatvital.com\/en\/wp-json\/wp\/v2\/users\/1"}],"replies":[{"embeddable":true,"href":"https:\/\/oatvital.com\/en\/wp-json\/wp\/v2\/comments?post=1748"}],"version-history":[{"count":5,"href":"https:\/\/oatvital.com\/en\/wp-json\/wp\/v2\/pages\/1748\/revisions"}],"predecessor-version":[{"id":2000,"href":"https:\/\/oatvital.com\/en\/wp-json\/wp\/v2\/pages\/1748\/revisions\/2000"}],"wp:attachment":[{"href":"https:\/\/oatvital.com\/en\/wp-json\/wp\/v2\/media?parent=1748"}],"curies":[{"name":"wp","href":"https:\/\/api.w.org\/{rel}","templated":true}]}}